{"id":551,"date":"2024-07-20T20:31:40","date_gmt":"2024-07-20T20:31:40","guid":{"rendered":"https:\/\/epiccreativecoop.com\/?page_id=551"},"modified":"2024-11-08T19:02:58","modified_gmt":"2024-11-08T19:02:58","slug":"blog-posts","status":"publish","type":"page","link":"https:\/\/epiccreativecoop.com\/es\/blog-posts\/","title":{"rendered":"Entradas de blog"},"content":{"rendered":"<div data-elementor-type=\"wp-page\" data-elementor-id=\"551\" class=\"elementor elementor-551\" data-elementor-post-type=\"page\">\n\t\t\t\t<div class=\"elementor-element elementor-element-248393e e-con-full e-flex e-con e-parent\" data-id=\"248393e\" data-element_type=\"container\" data-settings=\"{&quot;background_background&quot;:&quot;classic&quot;}\">\n\t\t<div class=\"elementor-element elementor-element-fd08f57 e-flex e-con-boxed e-con e-child\" data-id=\"fd08f57\" data-element_type=\"container\">\n\t\t\t\t\t<div class=\"e-con-inner\">\n\t\t\t\t<div class=\"elementor-element elementor-element-35ece24 meta-visibility-show section-title-style-style1 title_position_default title_hover_border_default title-default img_hover_animation_default meta_position_default tpg-category-position-default readmore-btn-default-style grid-hover-overlay-type-always tpg-el-box-border-enable tpg-border-bottom-disable elementor-widget elementor-widget-tpg-grid-layout\" data-id=\"35ece24\" data-element_type=\"widget\" data-widget_type=\"tpg-grid-layout.default\">\n\t\t\t\t<div class=\"elementor-widget-container\">\n\t\t\t\t\t<div class=\"rt-container-fluid rt-tpg-container tpg-el-main-wrapper clearfix grid-layout1-main\"\n\t\t\t id=\"rt-tpg-container-1204825932\"\n\t\t\t data-layout=\"grid-layout1\"\n\t\t\t data-grid-style=\"tpg-full-height\"\n\t\t\t data-sc-id=\"elementor\"\n\t\t\t data-el-settings=''\n\t\t\t data-el-query=''\n\t\t\t data-el-path=''\n\t\t>\n\n\t\t\t\t\t\t<div class='tpg-header-wrapper'>\n\t\t\t\t\n        <div class=\"tpg-widget-heading-wrapper rt-clear heading-style1\">\n            <span class=\"tpg-widget-heading-line line-left\"><\/span>\n\t\t\t<h2 class='tpg-widget-heading'>\n\t\t\t\n\t\t\t\t                    <span>\n\t\t\t\t\t\tNuestra \u00faltima publicaci\u00f3n del blog\t\t\t\t\t<\/span>\n\t\t\t\t\t\n\t\t\t\t\t\t\t<\/h2>            <span class=\"tpg-widget-heading-line line-right\"><\/span>\n\n\t\t\t\n        <\/div>\n\n\t\t\n\t\t\t\t\t<\/div>\n\n\t\t\t<div data-title=\"Loading ...\" class=\"rt-row rt-content-loader grid-layout1 grid-behaviour tpg-full-height grid_layout_wrapper\">\n\t\t\t\t<div class=\"rt-col-md-12 rt-col-sm-6 rt-col-xs-12 default rt-grid-item post-7605 post type-post status-publish format-standard has-post-thumbnail hentry category-epic-co-op\"\t\tdata-id=\"7605\">\n\t<div class=\"rt-holder tpg-post-holder\">\n\t\t<div class=\"rt-detail rt-el-content-wrapper\">\n\t\t\t\t\t\t\t<div class=\"rt-img-holder tpg-el-image-wrap has-thumbnail\">\n\t\t\t\t\t<a data-id=\"7605\" href=\"https:\/\/epiccreativecoop.com\/es\/epic-party-barn-celebrates-5-year-anniversary\/\" class=\"tpg-post-link\" target=\"_self\">                        <img fetchpriority=\"high\" decoding=\"async\" src=\"https:\/\/epiccreativecoop.com\/wp-content\/uploads\/2024\/07\/2024-03-04-Dave-LS-BonFire-Karaoki-Party-768-1-768x462.jpg\"\n                             class=\"rt-img-responsive\"\n                             width=\"768\"\n                             height=\"462\"\n                             alt=\"Karaoke night at Epic Creative Co-Op - Participants enthusiastically singing into microphones during a fun karaoke night, with colorful lights and cheering friends.\">\n\t\t\t\t\t\t\n\t\t\t\t\t\t\t\n\t\t<\/a>\n\t\t        <div class=\"overlay grid-hover-content\"><\/div>\n\t\t\t\t\t\t<\/div>\n\t\t\t\n\t\t\t<div class=\"entry-title-wrapper\"><h3 class=\"entry-title\"><a data-id=\"7605\" href=\"https:\/\/epiccreativecoop.com\/es\/epic-party-barn-celebrates-5-year-anniversary\/\" class=\"tpg-post-link\" target=\"_self\">\u00a1Epic Party Barn celebra su quinto aniversario!\u00a0<\/a><\/h3><\/div>\n\t\t\t\t\t\t\t<div class=\"post-meta-tags rt-el-post-meta\">\n\t\t\t\t\t            <span class='date'>\n\t\t\t\t<i class='far fa-calendar-alt'><\/i>\t\t\t\t<a href=\"https:\/\/epiccreativecoop.com\/es\/2025\/09\/08\/\">\n\t\t\t\t\t8 de septiembre de 2025\t\t\t\t<\/a>\n\t\t\t<\/span>\n\t\t\t            <span class='categories-links'>\n\t\t\t\t<i class='fas fa-folder-open'><\/i><a class=\"epic-co-op\" href=\"https:\/\/epiccreativecoop.com\/es\/category\/epic-co-op\/\">Cooperaci\u00f3n creativa \u00e9pica<\/a>\n\t\t\t<\/span>\n\t\t\t\t\t\t\t<\/div>\n\t\t\t\n\n\t\t\t\t\t\t\t<div class=\"tpg-excerpt tpg-el-excerpt\">\n\t\t\t\t\t\t\t\t\t\t\t<div class=\"tpg-excerpt-inner\">\n\t\t\t\t\t\t\t...\t\t\t\t\t\t<\/div>\n\t\t\t\t\t\t\t\t\t\t\t\t\t\t<\/div>\n\t\t\t\n\t\t\t        <div class=\"post-footer\">\n            <div class=\"post-footer\">\n                <div class=\"read-more\">\n\t\t\t\t\t<a data-id=\"7605\" href=\"https:\/\/epiccreativecoop.com\/es\/epic-party-barn-celebrates-5-year-anniversary\/\" class=\"tpg-post-link\" target=\"_self\">Leer m\u00e1s<\/a>                <\/div>\n            <\/div>\n        <\/div>\n\t\t\t\t<\/div>\n\t<\/div>\n<\/div>\n\t\t\t<\/div>\n\t\t\t\n\t\t<\/div>\n\t\t\t\t<\/div>\n\t\t\t\t<\/div>\n\t\t\t\t<div class=\"elementor-element elementor-element-f5dabb0 section-title-align-left meta-visibility-show section-title-style-style1 title_position_default title_hover_border_default title-default img_hover_animation_default meta_position_default tpg-category-position-default readmore-btn-default-style grid-hover-overlay-type-always tpg-el-box-border-enable tpg-border-bottom-disable elementor-widget elementor-widget-tpg-grid-layout\" data-id=\"f5dabb0\" data-element_type=\"widget\" data-widget_type=\"tpg-grid-layout.default\">\n\t\t\t\t<div class=\"elementor-widget-container\">\n\t\t\t\t\t<div class=\"rt-container-fluid rt-tpg-container tpg-el-main-wrapper clearfix grid-layout1-main\"\n\t\t\t id=\"rt-tpg-container-3821403686\"\n\t\t\t data-layout=\"grid-layout1\"\n\t\t\t data-grid-style=\"tpg-full-height\"\n\t\t\t data-sc-id=\"elementor\"\n\t\t\t data-el-settings=''\n\t\t\t data-el-query=''\n\t\t\t data-el-path=''\n\t\t>\n\n\t\t\t\t\t\t<div class='tpg-header-wrapper'>\n\t\t\t\t\n        <div class=\"tpg-widget-heading-wrapper rt-clear heading-style1\">\n            <span class=\"tpg-widget-heading-line line-left\"><\/span>\n\t\t\t<h2 class='tpg-widget-heading'>\n\t\t\t\n\t\t\t\t                    <span>\n\t\t\t\t\t\tEntradas de blog\t\t\t\t\t<\/span>\n\t\t\t\t\t\n\t\t\t\t\t\t\t<\/h2>            <span class=\"tpg-widget-heading-line line-right\"><\/span>\n\n\t\t\t\n        <\/div>\n\n\t\t\n\t\t\t\t\t<\/div>\n\n\t\t\t<div data-title=\"Loading ...\" class=\"rt-row rt-content-loader grid-layout1 grid-behaviour tpg-full-height grid_layout_wrapper\">\n\t\t\t\t<div class=\"rt-col-md-4 rt-col-sm-6 rt-col-xs-12 default rt-grid-item post-7154 post type-post status-publish format-standard has-post-thumbnail hentry category-uncategorized\"\t\tdata-id=\"7154\">\n\t<div class=\"rt-holder tpg-post-holder\">\n\t\t<div class=\"rt-detail rt-el-content-wrapper\">\n\t\t\t\t\t\t\t<div class=\"rt-img-holder tpg-el-image-wrap has-thumbnail\">\n\t\t\t\t\t<a data-id=\"7154\" href=\"https:\/\/epiccreativecoop.com\/es\/is-a-digital-billboard-right-for-your-business\/\" class=\"tpg-post-link\" target=\"_blank\">                        <img decoding=\"async\" src=\"https:\/\/epiccreativecoop.com\/wp-content\/uploads\/2025\/06\/Mobo-Trailer-in-Use-from-Claire-06-edited_2-768x564.jpg\"\n                             class=\"rt-img-responsive\"\n                             width=\"768\"\n                             height=\"564\"\n                             alt=\"Is A Digital Billboard Right For Your Business?\">\n\t\t\t\t\t\t\n\t\t\t\t\t\t\t\n\t\t<\/a>\n\t\t        <div class=\"overlay grid-hover-content\"><\/div>\n\t\t\t\t\t\t<\/div>\n\t\t\t\n\t\t\t<div class=\"entry-title-wrapper\"><h3 class=\"entry-title\"><a data-id=\"7154\" href=\"https:\/\/epiccreativecoop.com\/es\/is-a-digital-billboard-right-for-your-business\/\" class=\"tpg-post-link\" target=\"_blank\">\u00bfEs una cartelera digital adecuada para su negocio?<\/a><\/h3><\/div>\n\t\t\t\t\t\t\t<div class=\"post-meta-tags rt-el-post-meta\">\n\t\t\t\t\t            <span class='date'>\n\t\t\t\t<i class='far fa-calendar-alt'><\/i>\t\t\t\t<a href=\"https:\/\/epiccreativecoop.com\/es\/2025\/06\/23\/\">\n\t\t\t\t\t23 de junio de 2025\t\t\t\t<\/a>\n\t\t\t<\/span>\n\t\t\t            <span class='categories-links'>\n\t\t\t\t<i class='fas fa-folder-open'><\/i><a class=\"uncategorized\" href=\"https:\/\/epiccreativecoop.com\/es\/category\/uncategorized\/\">Sin categorizar<\/a>\n\t\t\t<\/span>\n\t\t\t\t\t\t\t<\/div>\n\t\t\t\n\n\t\t\t\t\t\t\t<div class=\"tpg-excerpt tpg-el-excerpt\">\n\t\t\t\t\t\t\t\t\t\t\t<div class=\"tpg-excerpt-inner\">\n\t\t\t\t\t\t\tAl considerar si una valla publicitaria digital es adecuada para su negocio, es importante centrarse en c\u00f3mo esta tecnolog\u00eda puede transformar su estrategia de publicidad exterior. Vallas publicitarias digitales, impulsadas por...\t\t\t\t\t\t<\/div>\n\t\t\t\t\t\t\t\t\t\t\t\t\t\t<\/div>\n\t\t\t\n\t\t\t        <div class=\"post-footer\">\n            <div class=\"post-footer\">\n                <div class=\"read-more\">\n\t\t\t\t\t<a data-id=\"7154\" href=\"https:\/\/epiccreativecoop.com\/es\/is-a-digital-billboard-right-for-your-business\/\" class=\"tpg-post-link\" target=\"_blank\">Leer m\u00e1s<\/a>                <\/div>\n            <\/div>\n        <\/div>\n\t\t\t\t<\/div>\n\t<\/div>\n<\/div>\n<div class=\"rt-col-md-4 rt-col-sm-6 rt-col-xs-12 default rt-grid-item post-7034 post type-post status-publish format-standard has-post-thumbnail hentry category-epic-co-op\"\t\tdata-id=\"7034\">\n\t<div class=\"rt-holder tpg-post-holder\">\n\t\t<div class=\"rt-detail rt-el-content-wrapper\">\n\t\t\t\t\t\t\t<div class=\"rt-img-holder tpg-el-image-wrap has-thumbnail\">\n\t\t\t\t\t<a data-id=\"7034\" href=\"https:\/\/epiccreativecoop.com\/es\/unlocking-young-minds-highlights-from-the-minibot-robotics-workshops\/\" class=\"tpg-post-link\" target=\"_blank\">                        <img decoding=\"async\" src=\"https:\/\/epiccreativecoop.com\/wp-content\/uploads\/2025\/06\/06-13-25-Minibot-Week-1-edited-0121-768x611.jpg\"\n                             class=\"rt-img-responsive\"\n                             width=\"768\"\n                             height=\"611\"\n                             alt=\"Unlocking Young Minds: Highlights from the Minibot Robotics Workshops\">\n\t\t\t\t\t\t\n\t\t\t\t\t\t\t\n\t\t<\/a>\n\t\t        <div class=\"overlay grid-hover-content\"><\/div>\n\t\t\t\t\t\t<\/div>\n\t\t\t\n\t\t\t<div class=\"entry-title-wrapper\"><h3 class=\"entry-title\"><a data-id=\"7034\" href=\"https:\/\/epiccreativecoop.com\/es\/unlocking-young-minds-highlights-from-the-minibot-robotics-workshops\/\" class=\"tpg-post-link\" target=\"_blank\">Desbloqueando mentes j\u00f3venes: Aspectos destacados de los talleres de rob\u00f3tica Minibot<\/a><\/h3><\/div>\n\t\t\t\t\t\t\t<div class=\"post-meta-tags rt-el-post-meta\">\n\t\t\t\t\t            <span class='date'>\n\t\t\t\t<i class='far fa-calendar-alt'><\/i>\t\t\t\t<a href=\"https:\/\/epiccreativecoop.com\/es\/2025\/06\/19\/\">\n\t\t\t\t\t19 de junio de 2025\t\t\t\t<\/a>\n\t\t\t<\/span>\n\t\t\t            <span class='categories-links'>\n\t\t\t\t<i class='fas fa-folder-open'><\/i><a class=\"epic-co-op\" href=\"https:\/\/epiccreativecoop.com\/es\/category\/epic-co-op\/\">Cooperaci\u00f3n creativa \u00e9pica<\/a>\n\t\t\t<\/span>\n\t\t\t\t\t\t\t<\/div>\n\t\t\t\n\n\t\t\t\t\t\t\t<div class=\"tpg-excerpt tpg-el-excerpt\">\n\t\t\t\t\t\t\t\t\t\t\t<div class=\"tpg-excerpt-inner\">\n\t\t\t\t\t\t\tTaller Minibot de verano de 2025: Desarrollar el poder del cerebro mediante la rob\u00f3tica pr\u00e1ctica Este verano, Epic Creative Co-op vibr\u00f3 con la energ\u00eda de los j\u00f3venes inventores durante nuestro Taller Minibot de tres sesiones...\t\t\t\t\t\t<\/div>\n\t\t\t\t\t\t\t\t\t\t\t\t\t\t<\/div>\n\t\t\t\n\t\t\t        <div class=\"post-footer\">\n            <div class=\"post-footer\">\n                <div class=\"read-more\">\n\t\t\t\t\t<a data-id=\"7034\" href=\"https:\/\/epiccreativecoop.com\/es\/unlocking-young-minds-highlights-from-the-minibot-robotics-workshops\/\" class=\"tpg-post-link\" target=\"_blank\">Leer m\u00e1s<\/a>                <\/div>\n            <\/div>\n        <\/div>\n\t\t\t\t<\/div>\n\t<\/div>\n<\/div>\n<div class=\"rt-col-md-4 rt-col-sm-6 rt-col-xs-12 default rt-grid-item post-6785 post type-post status-publish format-standard has-post-thumbnail hentry category-epic-co-op\"\t\tdata-id=\"6785\">\n\t<div class=\"rt-holder tpg-post-holder\">\n\t\t<div class=\"rt-detail rt-el-content-wrapper\">\n\t\t\t\t\t\t\t<div class=\"rt-img-holder tpg-el-image-wrap has-thumbnail\">\n\t\t\t\t\t<a data-id=\"6785\" href=\"https:\/\/epiccreativecoop.com\/es\/i-am-often-asked-can-you-recommend-a-caterer-for-our-party-trent-banks-is-my-answer\/\" class=\"tpg-post-link\" target=\"_blank\">                        <img loading=\"lazy\" decoding=\"async\" src=\"https:\/\/epiccreativecoop.com\/wp-content\/uploads\/2025\/01\/2024-07-11-24-CP-BBQ-Party-at-the-Epic-Mancave-edited-033-768x427.jpg\"\n                             class=\"rt-img-responsive\"\n                             width=\"768\"\n                             height=\"427\"\n                             alt=\"&#8216;Can You Recommend a Caterer for our Party?&#8230;&#8217;\u00a0Trent\u00a0Banks is my answer\">\n\t\t\t\t\t\t\n\t\t\t\t\t\t\t\n\t\t<\/a>\n\t\t        <div class=\"overlay grid-hover-content\"><\/div>\n\t\t\t\t\t\t<\/div>\n\t\t\t\n\t\t\t<div class=\"entry-title-wrapper\"><h3 class=\"entry-title\"><a data-id=\"6785\" href=\"https:\/\/epiccreativecoop.com\/es\/i-am-often-asked-can-you-recommend-a-caterer-for-our-party-trent-banks-is-my-answer\/\" class=\"tpg-post-link\" target=\"_blank\">&quot;\u00bfPuedes recomendarme un servicio de catering para nuestra fiesta?&quot;, me responde Trent Banks.<\/a><\/h3><\/div>\n\t\t\t\t\t\t\t<div class=\"post-meta-tags rt-el-post-meta\">\n\t\t\t\t\t            <span class='date'>\n\t\t\t\t<i class='far fa-calendar-alt'><\/i>\t\t\t\t<a href=\"https:\/\/epiccreativecoop.com\/es\/2025\/01\/12\/\">\n\t\t\t\t\t12 de enero de 2025\t\t\t\t<\/a>\n\t\t\t<\/span>\n\t\t\t            <span class='categories-links'>\n\t\t\t\t<i class='fas fa-folder-open'><\/i><a class=\"epic-co-op\" href=\"https:\/\/epiccreativecoop.com\/es\/category\/epic-co-op\/\">Cooperaci\u00f3n creativa \u00e9pica<\/a>\n\t\t\t<\/span>\n\t\t\t\t\t\t\t<\/div>\n\t\t\t\n\n\t\t\t\t\t\t\t<div class=\"tpg-excerpt tpg-el-excerpt\">\n\t\t\t\t\t\t\t\t\t\t\t<div class=\"tpg-excerpt-inner\">\n\t\t\t\t\t\t\tEn The Epic Creative Co-Op, organizamos una amplia variedad de eventos a lo largo del a\u00f1o, desde fiestas de cumplea\u00f1os \u00edntimas y aniversarios importantes hasta reuniones corporativas. Mientras hablo de planes con nuestros...\t\t\t\t\t\t<\/div>\n\t\t\t\t\t\t\t\t\t\t\t\t\t\t<\/div>\n\t\t\t\n\t\t\t        <div class=\"post-footer\">\n            <div class=\"post-footer\">\n                <div class=\"read-more\">\n\t\t\t\t\t<a data-id=\"6785\" href=\"https:\/\/epiccreativecoop.com\/es\/i-am-often-asked-can-you-recommend-a-caterer-for-our-party-trent-banks-is-my-answer\/\" class=\"tpg-post-link\" target=\"_blank\">Leer m\u00e1s<\/a>                <\/div>\n            <\/div>\n        <\/div>\n\t\t\t\t<\/div>\n\t<\/div>\n<\/div>\n<div class=\"rt-col-md-4 rt-col-sm-6 rt-col-xs-12 default rt-grid-item post-6623 post type-post status-publish format-standard has-post-thumbnail hentry category-photography\"\t\tdata-id=\"6623\">\n\t<div class=\"rt-holder tpg-post-holder\">\n\t\t<div class=\"rt-detail rt-el-content-wrapper\">\n\t\t\t\t\t\t\t<div class=\"rt-img-holder tpg-el-image-wrap has-thumbnail\">\n\t\t\t\t\t<a data-id=\"6623\" href=\"https:\/\/epiccreativecoop.com\/es\/the-power-of-personal-branding-photography-a-case-study-with-ali-cherubini-rd\/\" class=\"tpg-post-link\" target=\"_blank\">                        <img loading=\"lazy\" decoding=\"async\" src=\"https:\/\/epiccreativecoop.com\/wp-content\/uploads\/2025\/01\/2024-12-29-Ali-Shoot-Outdoors-edited-016-1-768x432.jpg\"\n                             class=\"rt-img-responsive\"\n                             width=\"768\"\n                             height=\"432\"\n                             alt=\"The Power of Personal Branding Photography: A Case Study with Ali Cherubini, RD\">\n\t\t\t\t\t\t\n\t\t\t\t\t\t\t\n\t\t<\/a>\n\t\t        <div class=\"overlay grid-hover-content\"><\/div>\n\t\t\t\t\t\t<\/div>\n\t\t\t\n\t\t\t<div class=\"entry-title-wrapper\"><h3 class=\"entry-title\"><a data-id=\"6623\" href=\"https:\/\/epiccreativecoop.com\/es\/the-power-of-personal-branding-photography-a-case-study-with-ali-cherubini-rd\/\" class=\"tpg-post-link\" target=\"_blank\">El poder de la fotograf\u00eda de marca personal: un estudio de caso con Ali Cherubini, RD<\/a><\/h3><\/div>\n\t\t\t\t\t\t\t<div class=\"post-meta-tags rt-el-post-meta\">\n\t\t\t\t\t            <span class='date'>\n\t\t\t\t<i class='far fa-calendar-alt'><\/i>\t\t\t\t<a href=\"https:\/\/epiccreativecoop.com\/es\/2025\/01\/03\/\">\n\t\t\t\t\t3 de enero de 2025\t\t\t\t<\/a>\n\t\t\t<\/span>\n\t\t\t            <span class='categories-links'>\n\t\t\t\t<i class='fas fa-folder-open'><\/i><a class=\"photography\" href=\"https:\/\/epiccreativecoop.com\/es\/category\/photography\/\">Fotograf\u00eda<\/a>\n\t\t\t<\/span>\n\t\t\t\t\t\t\t<\/div>\n\t\t\t\n\n\t\t\t\t\t\t\t<div class=\"tpg-excerpt tpg-el-excerpt\">\n\t\t\t\t\t\t\t\t\t\t\t<div class=\"tpg-excerpt-inner\">\n\t\t\t\t\t\t\tIntroducci\u00f3n: En el mundo digital actual, tu marca personal suele ser la primera impresi\u00f3n. Para emprendedores como Ali Cherubini, dietista titulada con una maestr\u00eda en Ciencias en...\t\t\t\t\t\t<\/div>\n\t\t\t\t\t\t\t\t\t\t\t\t\t\t<\/div>\n\t\t\t\n\t\t\t        <div class=\"post-footer\">\n            <div class=\"post-footer\">\n                <div class=\"read-more\">\n\t\t\t\t\t<a data-id=\"6623\" href=\"https:\/\/epiccreativecoop.com\/es\/the-power-of-personal-branding-photography-a-case-study-with-ali-cherubini-rd\/\" class=\"tpg-post-link\" target=\"_blank\">Leer m\u00e1s<\/a>                <\/div>\n            <\/div>\n        <\/div>\n\t\t\t\t<\/div>\n\t<\/div>\n<\/div>\n<div class=\"rt-col-md-4 rt-col-sm-6 rt-col-xs-12 default rt-grid-item post-6302 post type-post status-publish format-standard has-post-thumbnail hentry category-epic-co-op category-photography\"\t\tdata-id=\"6302\">\n\t<div class=\"rt-holder tpg-post-holder\">\n\t\t<div class=\"rt-detail rt-el-content-wrapper\">\n\t\t\t\t\t\t\t<div class=\"rt-img-holder tpg-el-image-wrap has-thumbnail\">\n\t\t\t\t\t<a data-id=\"6302\" href=\"https:\/\/epiccreativecoop.com\/es\/why-i-chose-epic-creative-coop-garry-king\/\" class=\"tpg-post-link\" target=\"_blank\">                        <img loading=\"lazy\" decoding=\"async\" src=\"https:\/\/epiccreativecoop.com\/wp-content\/uploads\/2024\/11\/2024-10-29-Liz-Shoot-edited-159-768x566.jpg\"\n                             class=\"rt-img-responsive\"\n                             width=\"768\"\n                             height=\"566\"\n                             alt=\"Why I Chose The Epic Creative Co-Op for my Photo Shoots\">\n\t\t\t\t\t\t\n\t\t\t\t\t\t\t\n\t\t<\/a>\n\t\t        <div class=\"overlay grid-hover-content\"><\/div>\n\t\t\t\t\t\t<\/div>\n\t\t\t\n\t\t\t<div class=\"entry-title-wrapper\"><h3 class=\"entry-title\"><a data-id=\"6302\" href=\"https:\/\/epiccreativecoop.com\/es\/why-i-chose-epic-creative-coop-garry-king\/\" class=\"tpg-post-link\" target=\"_blank\">\u00bfPor qu\u00e9 eleg\u00ed The Epic Creative Co-Op para mis sesiones de fotos?<\/a><\/h3><\/div>\n\t\t\t\t\t\t\t<div class=\"post-meta-tags rt-el-post-meta\">\n\t\t\t\t\t            <span class='date'>\n\t\t\t\t<i class='far fa-calendar-alt'><\/i>\t\t\t\t<a href=\"https:\/\/epiccreativecoop.com\/es\/2024\/11\/15\/\">\n\t\t\t\t\t15 de noviembre de 2024\t\t\t\t<\/a>\n\t\t\t<\/span>\n\t\t\t            <span class='categories-links'>\n\t\t\t\t<i class='fas fa-folder-open'><\/i><a class=\"epic-co-op\" href=\"https:\/\/epiccreativecoop.com\/es\/category\/epic-co-op\/\">Cooperaci\u00f3n creativa \u00e9pica<\/a><span class=\"rt-separator\">,<\/span><a class=\"photography\" href=\"https:\/\/epiccreativecoop.com\/es\/category\/photography\/\">Fotograf\u00eda<\/a>\n\t\t\t<\/span>\n\t\t\t\t\t\t\t<\/div>\n\t\t\t\n\n\t\t\t\t\t\t\t<div class=\"tpg-excerpt tpg-el-excerpt\">\n\t\t\t\t\t\t\t\t\t\t\t<div class=\"tpg-excerpt-inner\">\n\t\t\t\t\t\t\tComo fot\u00f3grafo independiente y residente en una zona rural, el mercado comercial m\u00e1s cercano es Houston. Por mi trabajo, dedico la mayor parte de mi tiempo a marketing, planificaci\u00f3n...\t\t\t\t\t\t<\/div>\n\t\t\t\t\t\t\t\t\t\t\t\t\t\t<\/div>\n\t\t\t\n\t\t\t        <div class=\"post-footer\">\n            <div class=\"post-footer\">\n                <div class=\"read-more\">\n\t\t\t\t\t<a data-id=\"6302\" href=\"https:\/\/epiccreativecoop.com\/es\/why-i-chose-epic-creative-coop-garry-king\/\" class=\"tpg-post-link\" target=\"_blank\">Leer m\u00e1s<\/a>                <\/div>\n            <\/div>\n        <\/div>\n\t\t\t\t<\/div>\n\t<\/div>\n<\/div>\n<div class=\"rt-col-md-4 rt-col-sm-6 rt-col-xs-12 default rt-grid-item post-5951 post type-post status-publish format-standard has-post-thumbnail hentry category-epic-co-op\"\t\tdata-id=\"5951\">\n\t<div class=\"rt-holder tpg-post-holder\">\n\t\t<div class=\"rt-detail rt-el-content-wrapper\">\n\t\t\t\t\t\t\t<div class=\"rt-img-holder tpg-el-image-wrap has-thumbnail\">\n\t\t\t\t\t<a data-id=\"5951\" href=\"https:\/\/epiccreativecoop.com\/es\/woodlands-supper-club-real\/\" class=\"tpg-post-link\" target=\"_blank\">                        <img loading=\"lazy\" decoding=\"async\" src=\"https:\/\/epiccreativecoop.com\/wp-content\/uploads\/2024\/10\/2024-10-19-Savory-Party-edited-090-768x432.jpg\"\n                             class=\"rt-img-responsive\"\n                             width=\"768\"\n                             height=\"432\"\n                             alt=\"Outdoor evening Supper Club Party at the Epic Creative Co-Op\">\n\t\t\t\t\t\t\n\t\t\t\t\t\t\t\n\t\t<\/a>\n\t\t        <div class=\"overlay grid-hover-content\"><\/div>\n\t\t\t\t\t\t<\/div>\n\t\t\t\n\t\t\t<div class=\"entry-title-wrapper\"><h3 class=\"entry-title\"><a data-id=\"5951\" href=\"https:\/\/epiccreativecoop.com\/es\/woodlands-supper-club-real\/\" class=\"tpg-post-link\" target=\"_blank\">El Epic Mancave presenta su primer Supper Club: la alta cocina se fusiona con la diversi\u00f3n bajo las estrellas<\/a><\/h3><\/div>\n\t\t\t\t\t\t\t<div class=\"post-meta-tags rt-el-post-meta\">\n\t\t\t\t\t            <span class='date'>\n\t\t\t\t<i class='far fa-calendar-alt'><\/i>\t\t\t\t<a href=\"https:\/\/epiccreativecoop.com\/es\/2024\/11\/08\/\">\n\t\t\t\t\t8 de noviembre de 2024\t\t\t\t<\/a>\n\t\t\t<\/span>\n\t\t\t            <span class='categories-links'>\n\t\t\t\t<i class='fas fa-folder-open'><\/i><a class=\"epic-co-op\" href=\"https:\/\/epiccreativecoop.com\/es\/category\/epic-co-op\/\">Cooperaci\u00f3n creativa \u00e9pica<\/a>\n\t\t\t<\/span>\n\t\t\t\t\t\t\t<\/div>\n\t\t\t\n\n\t\t\t\t\t\t\t<div class=\"tpg-excerpt tpg-el-excerpt\">\n\t\t\t\t\t\t\t\t\t\t\t<div class=\"tpg-excerpt-inner\">\n\t\t\t\t\t\t\tLa mayor\u00eda de quienes alquilan el Epic Mancave buscan celebrar fiestas informales: cumplea\u00f1os, reuniones familiares y eventos corporativos de team building. As\u00ed que cuando Jorden Dolan, chef principal y propietario de...\t\t\t\t\t\t<\/div>\n\t\t\t\t\t\t\t\t\t\t\t\t\t\t<\/div>\n\t\t\t\n\t\t\t        <div class=\"post-footer\">\n            <div class=\"post-footer\">\n                <div class=\"read-more\">\n\t\t\t\t\t<a data-id=\"5951\" href=\"https:\/\/epiccreativecoop.com\/es\/woodlands-supper-club-real\/\" class=\"tpg-post-link\" target=\"_blank\">Leer m\u00e1s<\/a>                <\/div>\n            <\/div>\n        <\/div>\n\t\t\t\t<\/div>\n\t<\/div>\n<\/div>\n\t\t\t<\/div>\n\t\t\t<div class='rt-pagination-wrap' data-total-pages='2' data-posts-per-page='6' data-type='pagination'><div class=\"rt-pagination\"><ul class=\"pagination-list\"><li class=\"active\"><span>1<\/span><\/li><li><a data-paged='2' href='https:\/\/epiccreativecoop.com\/es\/wp-json\/wp\/v2\/pages\/551\/page\/2\/'>2<\/a><\/li><\/ul><\/div><\/div>\n\t\t<\/div>\n\t\t\t\t<\/div>\n\t\t\t\t<\/div>\n\t\t\t\t\t<\/div>\n\t\t\t\t<\/div>\n\t\t\t\t<\/div>\n\t\t\t\t<\/div>","protected":false},"excerpt":{"rendered":"<p>Our Latest Blog Post The Epic Mancave Hosts Its First Supper Club: Fine Dining Meets Fun Under the Stars November 8, 2024 Epic Creative Co-Op Most folks who rent the Epic Mancave are looking to throw informal parties\u2014think birthday bashes, family reunions, and corporate team-building events. So when Jorden Dolan, Master Chef and owner of&#8230; [&hellip;]<\/p>","protected":false},"author":1,"featured_media":0,"parent":0,"menu_order":0,"comment_status":"closed","ping_status":"closed","template":"","meta":{"footnotes":""},"class_list":["post-551","page","type-page","status-publish","hentry"],"rttpg_featured_image_url":null,"rttpg_author":{"display_name":"vic@woodlandsphotostudios.com","author_link":"https:\/\/epiccreativecoop.com\/es\/author\/vicwoodlandsphotostudios-com\/"},"rttpg_comment":0,"rttpg_category":"","rttpg_excerpt":"Our Latest Blog Post The Epic Mancave Hosts Its First Supper Club: Fine Dining Meets Fun Under the Stars November 8, 2024 Epic Creative Co-Op Most folks who rent the Epic Mancave are looking to throw informal parties\u2014think birthday bashes, family reunions, and corporate team-building events. So when Jorden Dolan, Master Chef and owner of&#8230;&hellip;","_links":{"self":[{"href":"https:\/\/epiccreativecoop.com\/es\/wp-json\/wp\/v2\/pages\/551","targetHints":{"allow":["GET"]}}],"collection":[{"href":"https:\/\/epiccreativecoop.com\/es\/wp-json\/wp\/v2\/pages"}],"about":[{"href":"https:\/\/epiccreativecoop.com\/es\/wp-json\/wp\/v2\/types\/page"}],"author":[{"embeddable":true,"href":"https:\/\/epiccreativecoop.com\/es\/wp-json\/wp\/v2\/users\/1"}],"replies":[{"embeddable":true,"href":"https:\/\/epiccreativecoop.com\/es\/wp-json\/wp\/v2\/comments?post=551"}],"version-history":[{"count":52,"href":"https:\/\/epiccreativecoop.com\/es\/wp-json\/wp\/v2\/pages\/551\/revisions"}],"predecessor-version":[{"id":6190,"href":"https:\/\/epiccreativecoop.com\/es\/wp-json\/wp\/v2\/pages\/551\/revisions\/6190"}],"wp:attachment":[{"href":"https:\/\/epiccreativecoop.com\/es\/wp-json\/wp\/v2\/media?parent=551"}],"curies":[{"name":"wp","href":"https:\/\/api.w.org\/{rel}","templated":true}]}}