{"id":1813,"date":"2024-07-28T03:43:36","date_gmt":"2024-07-28T03:43:36","guid":{"rendered":"https:\/\/epiccreativecoop.com\/?page_id=1813"},"modified":"2024-08-30T05:45:42","modified_gmt":"2024-08-30T05:45:42","slug":"studio-2","status":"publish","type":"page","link":"https:\/\/epiccreativecoop.com\/es\/studio-2\/","title":{"rendered":"Estudio 2 (Estudio peque\u00f1o)"},"content":{"rendered":"<div data-elementor-type=\"wp-page\" data-elementor-id=\"1813\" class=\"elementor elementor-1813\" data-elementor-post-type=\"page\">\n\t\t\t\t<div class=\"elementor-element elementor-element-3ba0bdd max-height e-con-full e-flex e-con e-parent\" data-id=\"3ba0bdd\" data-element_type=\"container\" data-settings=\"{&quot;background_background&quot;:&quot;classic&quot;}\">\n\t\t<div class=\"elementor-element elementor-element-5e4f53d e-con-full e-flex e-con e-child\" data-id=\"5e4f53d\" data-element_type=\"container\" data-settings=\"{&quot;background_background&quot;:&quot;classic&quot;}\">\n\t\t\t\t<div class=\"elementor-element elementor-element-35d1827 elementor-widget elementor-widget-heading\" data-id=\"35d1827\" data-element_type=\"widget\" data-widget_type=\"heading.default\">\n\t\t\t\t<div class=\"elementor-widget-container\">\n\t\t\t<style>\/*! elementor - v3.22.0 - 26-06-2024 *\/\n.elementor-heading-title{padding:0;margin:0;line-height:1}.elementor-widget-heading .elementor-heading-title[class*=elementor-size-]>a{color:inherit;font-size:inherit;line-height:inherit}.elementor-widget-heading .elementor-heading-title.elementor-size-small{font-size:15px}.elementor-widget-heading .elementor-heading-title.elementor-size-medium{font-size:19px}.elementor-widget-heading .elementor-heading-title.elementor-size-large{font-size:29px}.elementor-widget-heading .elementor-heading-title.elementor-size-xl{font-size:39px}.elementor-widget-heading .elementor-heading-title.elementor-size-xxl{font-size:59px}<\/style><h1 class=\"elementor-heading-title elementor-size-default\">Estudio 2 (Estudio peque\u00f1o)<\/h1>\t\t<\/div>\n\t\t\t\t<\/div>\n\t\t<div class=\"elementor-element elementor-element-b9e06bc e-con-full e-flex e-con e-child\" data-id=\"b9e06bc\" data-element_type=\"container\">\n\t\t\t\t<div class=\"elementor-element elementor-element-b370c4c elementor-widget elementor-widget-image\" data-id=\"b370c4c\" data-element_type=\"widget\" data-widget_type=\"image.default\">\n\t\t\t\t<div class=\"elementor-widget-container\">\n\t\t\t<style>\/*! elementor - v3.22.0 - 26-06-2024 *\/\n.elementor-widget-image{text-align:center}.elementor-widget-image a{display:inline-block}.elementor-widget-image a img[src$=\".svg\"]{width:48px}.elementor-widget-image img{vertical-align:middle;display:inline-block}<\/style>\t\t\t\t\t\t\t\t\t\t<img fetchpriority=\"high\" decoding=\"async\" width=\"2560\" height=\"1442\" src=\"https:\/\/epiccreativecoop.com\/wp-content\/uploads\/2024\/07\/2023-08-28-Greg-Shaw-Studio-edited-029-2-scaled.jpg\" class=\"attachment-full size-full wp-image-3351\" alt=\"\" \/>\t\t\t\t\t\t\t\t\t\t\t\t\t<\/div>\n\t\t\t\t<\/div>\n\t\t\t\t<div class=\"elementor-element elementor-element-cd825de elementor-widget elementor-widget-text-editor\" data-id=\"cd825de\" data-element_type=\"widget\" data-widget_type=\"text-editor.default\">\n\t\t\t\t<div class=\"elementor-widget-container\">\n\t\t\t<style>\/*! elementor - v3.22.0 - 26-06-2024 *\/\n.elementor-widget-text-editor.elementor-drop-cap-view-stacked .elementor-drop-cap{background-color:#69727d;color:#fff}.elementor-widget-text-editor.elementor-drop-cap-view-framed .elementor-drop-cap{color:#69727d;border:3px solid;background-color:transparent}.elementor-widget-text-editor:not(.elementor-drop-cap-view-default) .elementor-drop-cap{margin-top:8px}.elementor-widget-text-editor:not(.elementor-drop-cap-view-default) .elementor-drop-cap-letter{width:1em;height:1em}.elementor-widget-text-editor .elementor-drop-cap{float:left;text-align:center;line-height:1;font-size:50px}.elementor-widget-text-editor .elementor-drop-cap-letter{display:inline-block}<\/style>\t\t\t\t<p>\u00a0 \u00a0 \u00a0Ubicado dentro del Edificio Woodlands Art League, este estudio es perfecto para fot\u00f3grafos que necesitan un espacio m\u00e1s peque\u00f1o, ideal para retratos, parejas o peque\u00f1os grupos familiares. La sala mide 3,6 x 7,3 m e incluye fondos sin costuras (blanco y negro) con el alquiler. Su ubicaci\u00f3n en la primera planta facilita el montaje y desmontaje, ya que se puede aparcar a pocos metros de la puerta principal.<\/p><p>\u00a0 \u00a0 \u00a0Varias ventanas peque\u00f1as permiten la entrada de luz natural a la sala, pero las mejores fotos se obtendr\u00e1n con luces de estudio. El suelo de madera es ideal si el sujeto es una mascota o para cualquier tipo de mesa con ruedas, tr\u00edpode o soporte de luz. Este estudio est\u00e1 disponible por horas (m\u00ednimo 2 horas), por periodos cortos (diarios\/semanales) o largos (anuales).<\/p><p>\u00a0 \u00a0 \u00a0Las tarifas entre semana (horario comercial est\u00e1ndar, de 8:00 a 17:00) comienzan en $50\/hora, y para tardes, fines de semana o festivos, la tarifa por hora es de $75\/hora. Le proporcionaremos un presupuesto detallado antes de su sesi\u00f3n.<\/p>\t\t\t\t\t\t<\/div>\n\t\t\t\t<\/div>\n\t\t\t\t<\/div>\n\t\t<div class=\"elementor-element elementor-element-2715d6c e-con-full e-flex e-con e-child\" data-id=\"2715d6c\" data-element_type=\"container\">\n\t\t\t\t<div class=\"elementor-element elementor-element-47d2fea elementor-widget elementor-widget-heading\" data-id=\"47d2fea\" data-element_type=\"widget\" data-widget_type=\"heading.default\">\n\t\t\t\t<div class=\"elementor-widget-container\">\n\t\t\t<h2 class=\"elementor-heading-title elementor-size-default\"><b>Galer\u00eda de im\u00e1genes<\/b><\/h2>\t\t<\/div>\n\t\t\t\t<\/div>\n\t\t\t\t<\/div>\n\t\t\t\t<div class=\"elementor-element elementor-element-27dffc6 elementor-gallery--filter-align-left elementor-widget elementor-widget-gallery\" data-id=\"27dffc6\" data-element_type=\"widget\" data-settings=\"{&quot;gallery_layout&quot;:&quot;justified&quot;,&quot;overlay_title&quot;:&quot;caption&quot;,&quot;overlay_description&quot;:&quot;description&quot;,&quot;image_hover_animation&quot;:&quot;grow&quot;,&quot;ideal_row_height&quot;:{&quot;unit&quot;:&quot;px&quot;,&quot;size&quot;:300,&quot;sizes&quot;:[]},&quot;lazyload&quot;:&quot;yes&quot;,&quot;ideal_row_height_tablet&quot;:{&quot;unit&quot;:&quot;px&quot;,&quot;size&quot;:150,&quot;sizes&quot;:[]},&quot;ideal_row_height_mobile&quot;:{&quot;unit&quot;:&quot;px&quot;,&quot;size&quot;:150,&quot;sizes&quot;:[]},&quot;gap&quot;:{&quot;unit&quot;:&quot;px&quot;,&quot;size&quot;:10,&quot;sizes&quot;:[]},&quot;gap_tablet&quot;:{&quot;unit&quot;:&quot;px&quot;,&quot;size&quot;:10,&quot;sizes&quot;:[]},&quot;gap_mobile&quot;:{&quot;unit&quot;:&quot;px&quot;,&quot;size&quot;:10,&quot;sizes&quot;:[]},&quot;link_to&quot;:&quot;file&quot;,&quot;show_all_galleries&quot;:&quot;yes&quot;,&quot;overlay_background&quot;:&quot;yes&quot;,&quot;content_hover_animation&quot;:&quot;fade-in&quot;}\" data-widget_type=\"gallery.default\">\n\t\t\t\t<div class=\"elementor-widget-container\">\n\t\t\t<link rel=\"stylesheet\" href=\"https:\/\/epiccreativecoop.com\/wp-content\/plugins\/elementor-pro\/assets\/css\/widget-nav-menu.min.css\"><style>\/*! elementor-pro - v3.22.0 - 24-06-2024 *\/\n.elementor-gallery__container{min-height:1px}.elementor-gallery-item{position:relative;overflow:hidden;display:block;text-decoration:none;border:solid var(--image-border-width) var(--image-border-color);border-radius:var(--image-border-radius)}.elementor-gallery-item__content,.elementor-gallery-item__overlay{height:100%;width:100%;position:absolute;top:0;left:0}.elementor-gallery-item__overlay{mix-blend-mode:var(--overlay-mix-blend-mode);transition-duration:var(--overlay-transition-duration);transition-property:mix-blend-mode,transform,opacity,background-color}.elementor-gallery-item__image.e-gallery-image{transition-duration:var(--image-transition-duration);transition-property:filter,transform}.elementor-gallery-item__content{display:flex;flex-direction:column;justify-content:var(--content-justify-content,center);align-items:center;text-align:var(--content-text-align);padding:var(--content-padding)}.elementor-gallery-item__content>div{transition-duration:var(--content-transition-duration)}.elementor-gallery-item__content.elementor-gallery--sequenced-animation>div:nth-child(2){transition-delay:calc(var(--content-transition-delay) \/ 3)}.elementor-gallery-item__content.elementor-gallery--sequenced-animation>div:nth-child(3){transition-delay:calc(var(--content-transition-delay) \/ 3 * 2)}.elementor-gallery-item__content.elementor-gallery--sequenced-animation>div:nth-child(4){transition-delay:calc(var(--content-transition-delay) \/ 3 * 3)}.elementor-gallery-item__description{color:var(--description-text-color,#fff);width:100%}.elementor-gallery-item__title{color:var(--title-text-color,#fff);font-weight:700;width:100%}.elementor-gallery__titles-container{display:flex;flex-wrap:wrap;justify-content:var(--titles-container-justify-content,center);margin-bottom:20px}.elementor-gallery__titles-container:not(.e--pointer-framed) .elementor-item:after,.elementor-gallery__titles-container:not(.e--pointer-framed) .elementor-item:before{background-color:var(--galleries-pointer-bg-color-hover)}.elementor-gallery__titles-container:not(.e--pointer-framed) .elementor-item.elementor-item-active:after,.elementor-gallery__titles-container:not(.e--pointer-framed) .elementor-item.elementor-item-active:before{background-color:var(--galleries-pointer-bg-color-active)}.elementor-gallery__titles-container.e--pointer-framed .elementor-item:before{border-color:var(--galleries-pointer-bg-color-hover);border-width:var(--galleries-pointer-border-width)}.elementor-gallery__titles-container.e--pointer-framed .elementor-item:after{border-color:var(--galleries-pointer-bg-color-hover)}.elementor-gallery__titles-container.e--pointer-framed .elementor-item.elementor-item-active:after,.elementor-gallery__titles-container.e--pointer-framed .elementor-item.elementor-item-active:before{border-color:var(--galleries-pointer-bg-color-active)}.elementor-gallery__titles-container.e--pointer-framed.e--animation-draw .elementor-item:before{border-left-width:var(--galleries-pointer-border-width);border-bottom-width:var(--galleries-pointer-border-width);border-right-width:0;border-top-width:0}.elementor-gallery__titles-container.e--pointer-framed.e--animation-draw .elementor-item:after{border-left-width:0;border-bottom-width:0;border-right-width:var(--galleries-pointer-border-width);border-top-width:var(--galleries-pointer-border-width)}.elementor-gallery__titles-container.e--pointer-framed.e--animation-corners .elementor-item:before{border-left-width:var(--galleries-pointer-border-width);border-bottom-width:0;border-right-width:0;border-top-width:var(--galleries-pointer-border-width)}.elementor-gallery__titles-container.e--pointer-framed.e--animation-corners .elementor-item:after{border-left-width:0;border-bottom-width:var(--galleries-pointer-border-width);border-right-width:var(--galleries-pointer-border-width);border-top-width:0}.elementor-gallery__titles-container .e--pointer-double-line .elementor-item:after,.elementor-gallery__titles-container .e--pointer-double-line .elementor-item:before,.elementor-gallery__titles-container .e--pointer-overline .elementor-item:before,.elementor-gallery__titles-container .e--pointer-underline .elementor-item:after{height:var(--galleries-pointer-border-width)}.elementor-gallery-title{--space-between:10px;cursor:pointer;color:#6d7882;font-weight:500;position:relative;padding:7px 14px;transition:all .3s}.elementor-gallery-title--active{color:#495157}.elementor-gallery-title:not(:last-child){margin-inline-end:var(--space-between)}.elementor-gallery-item__title+.elementor-gallery-item__description{margin-top:var(--description-margin-top)}.e-gallery-item.elementor-gallery-item{transition-property:all}.e-gallery-item.elementor-animated-content .elementor-animated-item--enter-from-bottom,.e-gallery-item.elementor-animated-content .elementor-animated-item--enter-from-left,.e-gallery-item.elementor-animated-content .elementor-animated-item--enter-from-right,.e-gallery-item.elementor-animated-content .elementor-animated-item--enter-from-top,.e-gallery-item:focus .elementor-gallery__item-overlay-bg,.e-gallery-item:focus .elementor-gallery__item-overlay-content,.e-gallery-item:focus .elementor-gallery__item-overlay-content__description,.e-gallery-item:focus .elementor-gallery__item-overlay-content__title,.e-gallery-item:hover .elementor-gallery__item-overlay-bg,.e-gallery-item:hover .elementor-gallery__item-overlay-content,.e-gallery-item:hover .elementor-gallery__item-overlay-content__description,.e-gallery-item:hover .elementor-gallery__item-overlay-content__title{opacity:1}a.elementor-item.elementor-gallery-title{color:var(--galleries-title-color-normal)}a.elementor-item.elementor-gallery-title.elementor-item-active,a.elementor-item.elementor-gallery-title.highlighted,a.elementor-item.elementor-gallery-title:focus,a.elementor-item.elementor-gallery-title:hover{color:var(--galleries-title-color-hover)}a.elementor-item.elementor-gallery-title.elementor-item-active{color:var(--gallery-title-color-active)}.e-con-inner>.elementor-widget-gallery,.e-con>.elementor-widget-gallery{width:var(--container-widget-width);--flex-grow:var(--container-widget-flex-grow)}<\/style>\t\t\t<div class=\"elementor-gallery__titles-container e--pointer-framed e--animation-fade\" aria-label=\"Filtro de galer\u00eda\">\n\t\t\t\t\t\t\t\t\t<a class=\"elementor-item elementor-gallery-title\" role=\"button\" tabindex=\"0\" data-gallery-index=\"all\">\n\t\t\t\t\t\tTodo\t\t\t\t\t<\/a>\n\t\t\t\t\n\t\t\t\t\t\t\t\t\t<a class=\"elementor-item elementor-gallery-title\" role=\"button\" tabindex=\"0\" data-gallery-index=\"0\">\n\t\t\t\t\t\t\t\t\t\t\t<\/a>\n\t\t\t\t\t\t\t\t<\/div>\n\t\t\t\t\t<div class=\"elementor-gallery__container\">\n\t\t\t\t\t\t\t<a class=\"e-gallery-item elementor-gallery-item elementor-animated-content\" data-e-gallery-tags=\"0\" href=\"https:\/\/epiccreativecoop.com\/wp-content\/uploads\/2024\/07\/2023-08-28-Greg-Shaw-Studio-edited-024-2-scaled.jpg\" data-elementor-open-lightbox=\"yes\" data-elementor-lightbox-slideshow=\"27dffc6\" data-e-action-hash=\"#elementor-action%3Aaction%3Dlightbox%26settings%3DeyJpZCI6MzM0NCwidXJsIjoiaHR0cHM6XC9cL2VwaWNjcmVhdGl2ZWNvb3AuY29tXC93cC1jb250ZW50XC91cGxvYWRzXC8yMDI0XC8wN1wvMjAyMy0wOC0yOC1HcmVnLVNoYXctU3R1ZGlvLWVkaXRlZC0wMjQtMi1zY2FsZWQuanBnIiwic2xpZGVzaG93IjoiMjdkZmZjNiJ9\">\n\t\t\t\t\t<div class=\"e-gallery-image elementor-gallery-item__image\" data-thumbnail=\"https:\/\/epiccreativecoop.com\/wp-content\/uploads\/2024\/07\/2023-08-28-Greg-Shaw-Studio-edited-024-2-768x433.jpg\" data-width=\"768\" data-height=\"433\" aria-label=\"\" role=\"img\" ><\/div>\n\t\t\t\t\t\t\t\t\t\t\t<div class=\"elementor-gallery-item__overlay\"><\/div>\n\t\t\t\t\t\t\t\t\t\t\t\t\t\t\t<div class=\"elementor-gallery-item__content\">\n\t\t\t\t\t\t\t\t\t\t\t<\/div>\n\t\t\t\t\t\t\t\t\t<\/a>\n\t\t\t\t\t\t\t<a class=\"e-gallery-item elementor-gallery-item elementor-animated-content\" data-e-gallery-tags=\"0\" href=\"https:\/\/epiccreativecoop.com\/wp-content\/uploads\/2024\/07\/epic-first-floor-drawing-01-b-1.jpg\" data-elementor-open-lightbox=\"yes\" data-elementor-lightbox-slideshow=\"27dffc6\" data-e-action-hash=\"#elementor-action%3Aaction%3Dlightbox%26settings%3DeyJpZCI6MzM1NiwidXJsIjoiaHR0cHM6XC9cL2VwaWNjcmVhdGl2ZWNvb3AuY29tXC93cC1jb250ZW50XC91cGxvYWRzXC8yMDI0XC8wN1wvZXBpYy1maXJzdC1mbG9vci1kcmF3aW5nLTAxLWItMS5qcGciLCJzbGlkZXNob3ciOiIyN2RmZmM2In0%3D\">\n\t\t\t\t\t<div class=\"e-gallery-image elementor-gallery-item__image\" data-thumbnail=\"https:\/\/epiccreativecoop.com\/wp-content\/uploads\/2024\/07\/epic-first-floor-drawing-01-b-1-768x543.jpg\" data-width=\"768\" data-height=\"543\" aria-label=\"\" role=\"img\" ><\/div>\n\t\t\t\t\t\t\t\t\t\t\t<div class=\"elementor-gallery-item__overlay\"><\/div>\n\t\t\t\t\t\t\t\t\t\t\t\t\t\t\t<div class=\"elementor-gallery-item__content\">\n\t\t\t\t\t\t\t\t\t\t\t<\/div>\n\t\t\t\t\t\t\t\t\t<\/a>\n\t\t\t\t\t\t\t<a class=\"e-gallery-item elementor-gallery-item elementor-animated-content\" data-e-gallery-tags=\"0\" href=\"https:\/\/epiccreativecoop.com\/wp-content\/uploads\/2024\/07\/epic-first-floor-drawing-01-a-1.jpg\" data-elementor-open-lightbox=\"yes\" data-elementor-lightbox-slideshow=\"27dffc6\" data-e-action-hash=\"#elementor-action%3Aaction%3Dlightbox%26settings%3DeyJpZCI6MzM1NSwidXJsIjoiaHR0cHM6XC9cL2VwaWNjcmVhdGl2ZWNvb3AuY29tXC93cC1jb250ZW50XC91cGxvYWRzXC8yMDI0XC8wN1wvZXBpYy1maXJzdC1mbG9vci1kcmF3aW5nLTAxLWEtMS5qcGciLCJzbGlkZXNob3ciOiIyN2RmZmM2In0%3D\">\n\t\t\t\t\t<div class=\"e-gallery-image elementor-gallery-item__image\" data-thumbnail=\"https:\/\/epiccreativecoop.com\/wp-content\/uploads\/2024\/07\/epic-first-floor-drawing-01-a-1-768x543.jpg\" data-width=\"768\" data-height=\"543\" aria-label=\"\" role=\"img\" ><\/div>\n\t\t\t\t\t\t\t\t\t\t\t<div class=\"elementor-gallery-item__overlay\"><\/div>\n\t\t\t\t\t\t\t\t\t\t\t\t\t\t\t<div class=\"elementor-gallery-item__content\">\n\t\t\t\t\t\t\t\t\t\t\t<\/div>\n\t\t\t\t\t\t\t\t\t<\/a>\n\t\t\t\t\t\t\t<a class=\"e-gallery-item elementor-gallery-item elementor-animated-content\" data-e-gallery-tags=\"0\" href=\"https:\/\/epiccreativecoop.com\/wp-content\/uploads\/2024\/07\/2023-08-28-Greg-Shaw-Studio-edited-029-2-scaled.jpg\" data-elementor-open-lightbox=\"yes\" data-elementor-lightbox-slideshow=\"27dffc6\" data-e-action-hash=\"#elementor-action%3Aaction%3Dlightbox%26settings%3DeyJpZCI6MzM1MSwidXJsIjoiaHR0cHM6XC9cL2VwaWNjcmVhdGl2ZWNvb3AuY29tXC93cC1jb250ZW50XC91cGxvYWRzXC8yMDI0XC8wN1wvMjAyMy0wOC0yOC1HcmVnLVNoYXctU3R1ZGlvLWVkaXRlZC0wMjktMi1zY2FsZWQuanBnIiwic2xpZGVzaG93IjoiMjdkZmZjNiJ9\">\n\t\t\t\t\t<div class=\"e-gallery-image elementor-gallery-item__image\" data-thumbnail=\"https:\/\/epiccreativecoop.com\/wp-content\/uploads\/2024\/07\/2023-08-28-Greg-Shaw-Studio-edited-029-2-768x433.jpg\" data-width=\"768\" data-height=\"433\" aria-label=\"\" role=\"img\" ><\/div>\n\t\t\t\t\t\t\t\t\t\t\t<div class=\"elementor-gallery-item__overlay\"><\/div>\n\t\t\t\t\t\t\t\t\t\t\t\t\t\t\t<div class=\"elementor-gallery-item__content\">\n\t\t\t\t\t\t\t\t\t\t\t<\/div>\n\t\t\t\t\t\t\t\t\t<\/a>\n\t\t\t\t\t\t\t<a class=\"e-gallery-item elementor-gallery-item elementor-animated-content\" data-e-gallery-tags=\"0\" href=\"https:\/\/epiccreativecoop.com\/wp-content\/uploads\/2024\/07\/2023-08-28-Greg-Shaw-Studio-edited-028-2-scaled.jpg\" data-elementor-open-lightbox=\"yes\" data-elementor-lightbox-slideshow=\"27dffc6\" data-e-action-hash=\"#elementor-action%3Aaction%3Dlightbox%26settings%3DeyJpZCI6MzM0NywidXJsIjoiaHR0cHM6XC9cL2VwaWNjcmVhdGl2ZWNvb3AuY29tXC93cC1jb250ZW50XC91cGxvYWRzXC8yMDI0XC8wN1wvMjAyMy0wOC0yOC1HcmVnLVNoYXctU3R1ZGlvLWVkaXRlZC0wMjgtMi1zY2FsZWQuanBnIiwic2xpZGVzaG93IjoiMjdkZmZjNiJ9\">\n\t\t\t\t\t<div class=\"e-gallery-image elementor-gallery-item__image\" data-thumbnail=\"https:\/\/epiccreativecoop.com\/wp-content\/uploads\/2024\/07\/2023-08-28-Greg-Shaw-Studio-edited-028-2-768x472.jpg\" data-width=\"768\" data-height=\"472\" aria-label=\"\" role=\"img\" ><\/div>\n\t\t\t\t\t\t\t\t\t\t\t<div class=\"elementor-gallery-item__overlay\"><\/div>\n\t\t\t\t\t\t\t\t\t\t\t\t\t\t\t<div class=\"elementor-gallery-item__content\">\n\t\t\t\t\t\t\t\t\t\t\t<\/div>\n\t\t\t\t\t\t\t\t\t<\/a>\n\t\t\t\t\t\t\t<a class=\"e-gallery-item elementor-gallery-item elementor-animated-content\" data-e-gallery-tags=\"0\" href=\"https:\/\/epiccreativecoop.com\/wp-content\/uploads\/2024\/07\/2023-08-28-Greg-Shaw-Studio-edited-021-2-scaled.jpg\" data-elementor-open-lightbox=\"yes\" data-elementor-lightbox-slideshow=\"27dffc6\" data-e-action-hash=\"#elementor-action%3Aaction%3Dlightbox%26settings%3DeyJpZCI6MzM0NiwidXJsIjoiaHR0cHM6XC9cL2VwaWNjcmVhdGl2ZWNvb3AuY29tXC93cC1jb250ZW50XC91cGxvYWRzXC8yMDI0XC8wN1wvMjAyMy0wOC0yOC1HcmVnLVNoYXctU3R1ZGlvLWVkaXRlZC0wMjEtMi1zY2FsZWQuanBnIiwic2xpZGVzaG93IjoiMjdkZmZjNiJ9\">\n\t\t\t\t\t<div class=\"e-gallery-image elementor-gallery-item__image\" data-thumbnail=\"https:\/\/epiccreativecoop.com\/wp-content\/uploads\/2024\/07\/2023-08-28-Greg-Shaw-Studio-edited-021-2-768x433.jpg\" data-width=\"768\" data-height=\"433\" aria-label=\"\" role=\"img\" ><\/div>\n\t\t\t\t\t\t\t\t\t\t\t<div class=\"elementor-gallery-item__overlay\"><\/div>\n\t\t\t\t\t\t\t\t\t\t\t\t\t\t\t<div class=\"elementor-gallery-item__content\">\n\t\t\t\t\t\t\t\t\t\t\t<\/div>\n\t\t\t\t\t\t\t\t\t<\/a>\n\t\t\t\t\t\t\t<a class=\"e-gallery-item elementor-gallery-item elementor-animated-content\" data-e-gallery-tags=\"0\" href=\"https:\/\/epiccreativecoop.com\/wp-content\/uploads\/2024\/07\/2023-08-28-Greg-Shaw-Studio-edited-002-2-scaled.jpg\" data-elementor-open-lightbox=\"yes\" data-elementor-lightbox-slideshow=\"27dffc6\" data-e-action-hash=\"#elementor-action%3Aaction%3Dlightbox%26settings%3DeyJpZCI6MzM0NSwidXJsIjoiaHR0cHM6XC9cL2VwaWNjcmVhdGl2ZWNvb3AuY29tXC93cC1jb250ZW50XC91cGxvYWRzXC8yMDI0XC8wN1wvMjAyMy0wOC0yOC1HcmVnLVNoYXctU3R1ZGlvLWVkaXRlZC0wMDItMi1zY2FsZWQuanBnIiwic2xpZGVzaG93IjoiMjdkZmZjNiJ9\">\n\t\t\t\t\t<div class=\"e-gallery-image elementor-gallery-item__image\" data-thumbnail=\"https:\/\/epiccreativecoop.com\/wp-content\/uploads\/2024\/07\/2023-08-28-Greg-Shaw-Studio-edited-002-2-768x433.jpg\" data-width=\"768\" data-height=\"433\" aria-label=\"\" role=\"img\" ><\/div>\n\t\t\t\t\t\t\t\t\t\t\t<div class=\"elementor-gallery-item__overlay\"><\/div>\n\t\t\t\t\t\t\t\t\t\t\t\t\t\t\t<div class=\"elementor-gallery-item__content\">\n\t\t\t\t\t\t\t\t\t\t\t<\/div>\n\t\t\t\t\t\t\t\t\t<\/a>\n\t\t\t\t\t<\/div>\n\t\t\t<\/div>\n\t\t\t\t<\/div>\n\t\t\t\t<\/div>\n\t\t\t\t<\/div>\n\t\t\t\t<\/div>","protected":false},"excerpt":{"rendered":"<p>Studio 2 (Small Studio) \u00a0 \u00a0 \u00a0Located inside the Woodlands Art League Building, this studio is perfect for the photographer needing a smaller space, ideal for portraits, couples, or small family groups. The room measures 12\u2019 x 24\u2019 with seamless backgrounds (black and white) included with your rental. The first-floor location makes setup and takedown [&hellip;]<\/p>","protected":false},"author":1,"featured_media":0,"parent":0,"menu_order":0,"comment_status":"closed","ping_status":"closed","template":"","meta":{"footnotes":""},"class_list":["post-1813","page","type-page","status-publish","hentry"],"rttpg_featured_image_url":null,"rttpg_author":{"display_name":"vic@woodlandsphotostudios.com","author_link":"https:\/\/epiccreativecoop.com\/es\/author\/vicwoodlandsphotostudios-com\/"},"rttpg_comment":0,"rttpg_category":null,"rttpg_excerpt":"Studio 2 (Small Studio) \u00a0 \u00a0 \u00a0Located inside the Woodlands Art League Building, this studio is perfect for the photographer needing a smaller space, ideal for portraits, couples, or small family groups. The room measures 12\u2019 x 24\u2019 with seamless backgrounds (black and white) included with your rental. The first-floor location makes setup and takedown&hellip;","_links":{"self":[{"href":"https:\/\/epiccreativecoop.com\/es\/wp-json\/wp\/v2\/pages\/1813","targetHints":{"allow":["GET"]}}],"collection":[{"href":"https:\/\/epiccreativecoop.com\/es\/wp-json\/wp\/v2\/pages"}],"about":[{"href":"https:\/\/epiccreativecoop.com\/es\/wp-json\/wp\/v2\/types\/page"}],"author":[{"embeddable":true,"href":"https:\/\/epiccreativecoop.com\/es\/wp-json\/wp\/v2\/users\/1"}],"replies":[{"embeddable":true,"href":"https:\/\/epiccreativecoop.com\/es\/wp-json\/wp\/v2\/comments?post=1813"}],"version-history":[{"count":37,"href":"https:\/\/epiccreativecoop.com\/es\/wp-json\/wp\/v2\/pages\/1813\/revisions"}],"predecessor-version":[{"id":4870,"href":"https:\/\/epiccreativecoop.com\/es\/wp-json\/wp\/v2\/pages\/1813\/revisions\/4870"}],"wp:attachment":[{"href":"https:\/\/epiccreativecoop.com\/es\/wp-json\/wp\/v2\/media?parent=1813"}],"curies":[{"name":"wp","href":"https:\/\/api.w.org\/{rel}","templated":true}]}}