{"id":1581,"date":"2024-07-27T18:24:10","date_gmt":"2024-07-27T18:24:10","guid":{"rendered":"https:\/\/epiccreativecoop.com\/?page_id=1581"},"modified":"2024-08-30T05:50:56","modified_gmt":"2024-08-30T05:50:56","slug":"about","status":"publish","type":"page","link":"https:\/\/epiccreativecoop.com\/es\/about\/","title":{"rendered":"Acerca de"},"content":{"rendered":"<div data-elementor-type=\"wp-page\" data-elementor-id=\"1581\" class=\"elementor elementor-1581\" data-elementor-post-type=\"page\">\n\t\t\t\t<div class=\"elementor-element elementor-element-ea39fbe e-con-full e-flex e-con e-parent\" data-id=\"ea39fbe\" data-element_type=\"container\">\n\t\t<div class=\"elementor-element elementor-element-59be33b e-con-full e-flex e-con e-child\" data-id=\"59be33b\" data-element_type=\"container\">\n\t\t\t\t<div class=\"elementor-element elementor-element-35d1827 elementor-widget elementor-widget-heading\" data-id=\"35d1827\" data-element_type=\"widget\" data-widget_type=\"heading.default\">\n\t\t\t\t<div class=\"elementor-widget-container\">\n\t\t\t<style>\/*! elementor - v3.22.0 - 26-06-2024 *\/\n.elementor-heading-title{padding:0;margin:0;line-height:1}.elementor-widget-heading .elementor-heading-title[class*=elementor-size-]>a{color:inherit;font-size:inherit;line-height:inherit}.elementor-widget-heading .elementor-heading-title.elementor-size-small{font-size:15px}.elementor-widget-heading .elementor-heading-title.elementor-size-medium{font-size:19px}.elementor-widget-heading .elementor-heading-title.elementor-size-large{font-size:29px}.elementor-widget-heading .elementor-heading-title.elementor-size-xl{font-size:39px}.elementor-widget-heading .elementor-heading-title.elementor-size-xxl{font-size:59px}<\/style><h1 class=\"elementor-heading-title elementor-size-default\">Sobre nosotros<\/h1>\t\t<\/div>\n\t\t\t\t<\/div>\n\t\t<div class=\"elementor-element elementor-element-f3229da e-con-full e-flex e-con e-child\" data-id=\"f3229da\" data-element_type=\"container\">\n\t\t<div class=\"elementor-element elementor-element-45f65e7 e-con-full e-flex e-con e-child\" data-id=\"45f65e7\" data-element_type=\"container\">\n\t\t<div class=\"elementor-element elementor-element-758c444 e-con-full e-flex e-con e-child\" data-id=\"758c444\" data-element_type=\"container\">\n\t\t<div class=\"elementor-element elementor-element-c2001b8 e-con-full e-flex e-con e-child\" data-id=\"c2001b8\" data-element_type=\"container\">\n\t\t\t\t<div class=\"elementor-element elementor-element-5338c34 elementor-widget elementor-widget-heading\" data-id=\"5338c34\" data-element_type=\"widget\" data-widget_type=\"heading.default\">\n\t\t\t\t<div class=\"elementor-widget-container\">\n\t\t\t<h2 class=\"elementor-heading-title elementor-size-default\">Conoce a Vic Cherubini <br>Propietario y fot\u00f3grafo<\/h2>\t\t<\/div>\n\t\t\t\t<\/div>\n\t\t\t\t<\/div>\n\t\t<div class=\"elementor-element elementor-element-09c5793 e-con-full e-flex e-con e-child\" data-id=\"09c5793\" data-element_type=\"container\">\n\t\t\t\t<div class=\"elementor-element elementor-element-fc76574 elementor-widget elementor-widget-text-editor\" data-id=\"fc76574\" data-element_type=\"widget\" data-widget_type=\"text-editor.default\">\n\t\t\t\t<div class=\"elementor-widget-container\">\n\t\t\t<style>\/*! elementor - v3.22.0 - 26-06-2024 *\/\n.elementor-widget-text-editor.elementor-drop-cap-view-stacked .elementor-drop-cap{background-color:#69727d;color:#fff}.elementor-widget-text-editor.elementor-drop-cap-view-framed .elementor-drop-cap{color:#69727d;border:3px solid;background-color:transparent}.elementor-widget-text-editor:not(.elementor-drop-cap-view-default) .elementor-drop-cap{margin-top:8px}.elementor-widget-text-editor:not(.elementor-drop-cap-view-default) .elementor-drop-cap-letter{width:1em;height:1em}.elementor-widget-text-editor .elementor-drop-cap{float:left;text-align:center;line-height:1;font-size:50px}.elementor-widget-text-editor .elementor-drop-cap-letter{display:inline-block}<\/style>\t\t\t\t<p><span style=\"font-family: var( --e-global-typography-text-font-family ), Sans-serif; font-size: var( --e-global-typography-text-font-size ); font-style: var( --e-global-typography-text-font-style ); font-weight: var( --e-global-typography-text-font-weight ); letter-spacing: var( --e-global-typography-text-letter-spacing ); text-transform: var( --e-global-typography-text-text-transform ); word-spacing: var( --e-global-typography-text-word-spacing ); background-color: var( --e-global-color-b3ed163 );\">En 1998, Vic Cherubini adquiri\u00f3 cuatro acres en Sawdust Road en el borde de The Woodlands para establecer una nueva sede para Epic Software Group.\u00a0<\/span><\/p><p>Su visi\u00f3n a largo plazo fue crear Epic Co-Op, un centro colaborativo para fot\u00f3grafos, vide\u00f3grafos, cineastas y artistas.<\/p>\t\t\t\t\t\t<\/div>\n\t\t\t\t<\/div>\n\t\t\t\t<\/div>\n\t\t\t\t<\/div>\n\t\t<div class=\"elementor-element elementor-element-6da0b86 e-con-full e-flex e-con e-child\" data-id=\"6da0b86\" data-element_type=\"container\">\n\t\t\t\t<div class=\"elementor-element elementor-element-3b7dde2 elementor-widget elementor-widget-image\" data-id=\"3b7dde2\" data-element_type=\"widget\" data-widget_type=\"image.default\">\n\t\t\t\t<div class=\"elementor-widget-container\">\n\t\t\t<style>\/*! elementor - v3.22.0 - 26-06-2024 *\/\n.elementor-widget-image{text-align:center}.elementor-widget-image a{display:inline-block}.elementor-widget-image a img[src$=\".svg\"]{width:48px}.elementor-widget-image img{vertical-align:middle;display:inline-block}<\/style>\t\t\t\t\t\t\t\t\t\t<img fetchpriority=\"high\" decoding=\"async\" width=\"800\" height=\"755\" src=\"https:\/\/epiccreativecoop.com\/wp-content\/uploads\/2024\/07\/2016-07-20-Vic-Cherubini-Sr-edited-012-1024x966.jpg\" class=\"attachment-large size-large wp-image-1603\" alt=\"\" \/>\t\t\t\t\t\t\t\t\t\t\t\t\t<\/div>\n\t\t\t\t<\/div>\n\t\t\t\t<\/div>\n\t\t\t\t<\/div>\n\t\t<div class=\"elementor-element elementor-element-13f04f9 e-con-full e-flex e-con e-child\" data-id=\"13f04f9\" data-element_type=\"container\">\n\t\t<div class=\"elementor-element elementor-element-2f6b718 e-con-full e-flex e-con e-child\" data-id=\"2f6b718\" data-element_type=\"container\">\n\t\t\t\t<div class=\"elementor-element elementor-element-e0d411b elementor-widget elementor-widget-image\" data-id=\"e0d411b\" data-element_type=\"widget\" data-widget_type=\"image.default\">\n\t\t\t\t<div class=\"elementor-widget-container\">\n\t\t\t\t\t\t\t\t\t\t\t\t\t<img decoding=\"async\" width=\"800\" height=\"450\" src=\"https:\/\/epiccreativecoop.com\/wp-content\/uploads\/2024\/07\/2012-08-14-epic-building-exterior-edited004-1024x576.jpg\" class=\"attachment-large size-large wp-image-1602\" alt=\"\" \/>\t\t\t\t\t\t\t\t\t\t\t\t\t<\/div>\n\t\t\t\t<\/div>\n\t\t\t\t<\/div>\n\t\t<div class=\"elementor-element elementor-element-715d037 e-con-full e-flex e-con e-child\" data-id=\"715d037\" data-element_type=\"container\">\n\t\t<div class=\"elementor-element elementor-element-b9e6485 e-con-full e-flex e-con e-child\" data-id=\"b9e6485\" data-element_type=\"container\">\n\t\t\t\t<div class=\"elementor-element elementor-element-4e8f270 elementor-widget elementor-widget-heading\" data-id=\"4e8f270\" data-element_type=\"widget\" data-widget_type=\"heading.default\">\n\t\t\t\t<div class=\"elementor-widget-container\">\n\t\t\t<h2 class=\"elementor-heading-title elementor-size-default\">Edificio \u00e9pico<\/h2>\t\t<\/div>\n\t\t\t\t<\/div>\n\t\t\t\t<\/div>\n\t\t<div class=\"elementor-element elementor-element-866154e e-con-full e-flex e-con e-child\" data-id=\"866154e\" data-element_type=\"container\">\n\t\t\t\t<div class=\"elementor-element elementor-element-62501b5 elementor-widget elementor-widget-text-editor\" data-id=\"62501b5\" data-element_type=\"widget\" data-widget_type=\"text-editor.default\">\n\t\t\t\t<div class=\"elementor-widget-container\">\n\t\t\t\t\t\t\t<p><span style=\"font-family: var( --e-global-typography-text-font-family ), Sans-serif; font-size: var( --e-global-typography-text-font-size ); font-style: var( --e-global-typography-text-font-style ); font-weight: var( --e-global-typography-text-font-weight ); letter-spacing: var( --e-global-typography-text-letter-spacing ); text-transform: var( --e-global-typography-text-text-transform ); word-spacing: var( --e-global-typography-text-word-spacing ); background-color: var( --e-global-color-b3ed163 );\">La construcci\u00f3n comenz\u00f3 en 1999 con el primero de tres edificios, cada uno dise\u00f1ado para aquellos que encuentran los espacios de oficinas tradicionales demasiado restrictivos y poco inspiradores.\u00a0<\/span><\/p><p>El edificio inicial sirvi\u00f3 como espacio de trabajo para animadores y programadores del Epic Software Group.<\/p>\t\t\t\t\t\t<\/div>\n\t\t\t\t<\/div>\n\t\t\t\t<\/div>\n\t\t\t\t<\/div>\n\t\t\t\t<\/div>\n\t\t<div class=\"elementor-element elementor-element-d2f72d9 e-con-full e-flex e-con e-child\" data-id=\"d2f72d9\" data-element_type=\"container\">\n\t\t<div class=\"elementor-element elementor-element-9f1e522 e-con-full e-flex e-con e-child\" data-id=\"9f1e522\" data-element_type=\"container\">\n\t\t<div class=\"elementor-element elementor-element-a48103d e-con-full e-flex e-con e-child\" data-id=\"a48103d\" data-element_type=\"container\">\n\t\t\t\t<div class=\"elementor-element elementor-element-5dc262c elementor-widget elementor-widget-heading\" data-id=\"5dc262c\" data-element_type=\"widget\" data-widget_type=\"heading.default\">\n\t\t\t\t<div class=\"elementor-widget-container\">\n\t\t\t<h2 class=\"elementor-heading-title elementor-size-default\">Edificio del estudio Silver Rock<\/h2>\t\t<\/div>\n\t\t\t\t<\/div>\n\t\t\t\t<\/div>\n\t\t<div class=\"elementor-element elementor-element-21780fb e-con-full e-flex e-con e-child\" data-id=\"21780fb\" data-element_type=\"container\">\n\t\t\t\t<div class=\"elementor-element elementor-element-40d2647 elementor-widget elementor-widget-text-editor\" data-id=\"40d2647\" data-element_type=\"widget\" data-widget_type=\"text-editor.default\">\n\t\t\t\t<div class=\"elementor-widget-container\">\n\t\t\t\t\t\t\t<p>En 2011, se complet\u00f3 el segundo edificio, que ahora alberga Silver Rock Productions, el estudio de producci\u00f3n de video m\u00e1s grande de la zona, construido con contenedores de carga reciclados y otros materiales \u00fanicos. Artistas en Residencia tambi\u00e9n ocupan estudios en el edificio.\u00a0<\/p>\t\t\t\t\t\t<\/div>\n\t\t\t\t<\/div>\n\t\t\t\t<\/div>\n\t\t\t\t<\/div>\n\t\t<div class=\"elementor-element elementor-element-b3d6f1a e-con-full e-flex e-con e-child\" data-id=\"b3d6f1a\" data-element_type=\"container\">\n\t\t\t\t<div class=\"elementor-element elementor-element-795f331 elementor-widget elementor-widget-image\" data-id=\"795f331\" data-element_type=\"widget\" data-widget_type=\"image.default\">\n\t\t\t\t<div class=\"elementor-widget-container\">\n\t\t\t\t\t\t\t\t\t\t\t\t\t<img decoding=\"async\" width=\"800\" height=\"600\" src=\"https:\/\/epiccreativecoop.com\/wp-content\/uploads\/2024\/07\/2011-11-20-epic-Creative-Co-Op-edited-small-012.jpg\" class=\"attachment-large size-large wp-image-1601\" alt=\"\" \/>\t\t\t\t\t\t\t\t\t\t\t\t\t<\/div>\n\t\t\t\t<\/div>\n\t\t\t\t<\/div>\n\t\t\t\t<\/div>\n\t\t<div class=\"elementor-element elementor-element-5506150 e-con-full e-flex e-con e-child\" data-id=\"5506150\" data-element_type=\"container\">\n\t\t<div class=\"elementor-element elementor-element-c1a024b e-con-full e-flex e-con e-child\" data-id=\"c1a024b\" data-element_type=\"container\">\n\t\t\t\t<div class=\"elementor-element elementor-element-d338588 elementor-widget elementor-widget-image\" data-id=\"d338588\" data-element_type=\"widget\" data-widget_type=\"image.default\">\n\t\t\t\t<div class=\"elementor-widget-container\">\n\t\t\t\t\t\t\t\t\t\t\t\t\t<img loading=\"lazy\" decoding=\"async\" width=\"800\" height=\"513\" src=\"https:\/\/epiccreativecoop.com\/wp-content\/uploads\/2024\/07\/2021-07-30-epic-Mancave-edited-5415-1024x657.jpg\" class=\"attachment-large size-large wp-image-1605\" alt=\"\" \/>\t\t\t\t\t\t\t\t\t\t\t\t\t<\/div>\n\t\t\t\t<\/div>\n\t\t\t\t<\/div>\n\t\t<div class=\"elementor-element elementor-element-fd7495d e-con-full e-flex e-con e-child\" data-id=\"fd7495d\" data-element_type=\"container\">\n\t\t<div class=\"elementor-element elementor-element-8efc994 e-con-full e-flex e-con e-child\" data-id=\"8efc994\" data-element_type=\"container\">\n\t\t\t\t<div class=\"elementor-element elementor-element-b1fa1b8 elementor-widget elementor-widget-heading\" data-id=\"b1fa1b8\" data-element_type=\"widget\" data-widget_type=\"heading.default\">\n\t\t\t\t<div class=\"elementor-widget-container\">\n\t\t\t<h2 class=\"elementor-heading-title elementor-size-default\">La cueva del hombre \u00e9pico<\/h2>\t\t<\/div>\n\t\t\t\t<\/div>\n\t\t\t\t<\/div>\n\t\t<div class=\"elementor-element elementor-element-9e29694 e-con-full e-flex e-con e-child\" data-id=\"9e29694\" data-element_type=\"container\">\n\t\t\t\t<div class=\"elementor-element elementor-element-455390d elementor-widget elementor-widget-text-editor\" data-id=\"455390d\" data-element_type=\"widget\" data-widget_type=\"text-editor.default\">\n\t\t\t\t<div class=\"elementor-widget-container\">\n\t\t\t\t\t\t\t<p>En 2021, se termin\u00f3 la Epic Mancave, que funciona como estudio multiusos y espacio de alquiler para diversas reuniones. Es perfecto para producciones de video, sesiones de fotos, fiestas y todo tipo de eventos corporativos.\u00a0<\/p>\t\t\t\t\t\t<\/div>\n\t\t\t\t<\/div>\n\t\t\t\t<\/div>\n\t\t\t\t<\/div>\n\t\t\t\t<\/div>\n\t\t\t\t<\/div>\n\t\t\t\t<\/div>\n\t\t<div class=\"elementor-element elementor-element-dbf3b7d e-con-full e-flex e-con e-child\" data-id=\"dbf3b7d\" data-element_type=\"container\">\n\t\t\t\t<div class=\"elementor-element elementor-element-cc91608 elementor-widget elementor-widget-text-editor\" data-id=\"cc91608\" data-element_type=\"widget\" data-widget_type=\"text-editor.default\">\n\t\t\t\t<div class=\"elementor-widget-container\">\n\t\t\t\t\t\t\t<p>Tras su finalizaci\u00f3n, Vic vendi\u00f3 Epic Software Group para centrarse por completo en su visi\u00f3n de fomentar una comunidad art\u00edstica vibrante. Hoy, Epic Mancave alberga Woodlands Photo Studios, una empresa que fund\u00f3 en 2022. Aqu\u00ed, contin\u00faa su pasi\u00f3n de toda la vida, la fotograf\u00eda (que comenz\u00f3 a los 13 a\u00f1os), mientras colabora con artistas verdaderamente extraordinarios.<\/p>\t\t\t\t\t\t<\/div>\n\t\t\t\t<\/div>\n\t\t\t\t<\/div>\n\t\t<div class=\"elementor-element elementor-element-c9fc7a9 e-con-full e-flex e-con e-child\" data-id=\"c9fc7a9\" data-element_type=\"container\">\n\t\t<div class=\"elementor-element elementor-element-78734ac e-con-full e-flex e-con e-child\" data-id=\"78734ac\" data-element_type=\"container\">\n\t\t\t\t<div class=\"elementor-element elementor-element-c478b26 elementor-widget elementor-widget-image\" data-id=\"c478b26\" data-element_type=\"widget\" data-widget_type=\"image.default\">\n\t\t\t\t<div class=\"elementor-widget-container\">\n\t\t\t\t\t\t\t\t\t\t\t\t\t<img loading=\"lazy\" decoding=\"async\" width=\"800\" height=\"643\" src=\"https:\/\/epiccreativecoop.com\/wp-content\/uploads\/2024\/07\/2021-03-01-David-in-Studio-WAL-edited-0042-1024x823.jpg\" class=\"attachment-large size-large wp-image-1604\" alt=\"\" \/>\t\t\t\t\t\t\t\t\t\t\t\t\t<\/div>\n\t\t\t\t<\/div>\n\t\t\t\t<\/div>\n\t\t<div class=\"elementor-element elementor-element-5b242e2 e-con-full e-flex e-con e-child\" data-id=\"5b242e2\" data-element_type=\"container\">\n\t\t\t\t<div class=\"elementor-element elementor-element-573694d elementor-widget elementor-widget-image\" data-id=\"573694d\" data-element_type=\"widget\" data-widget_type=\"image.default\">\n\t\t\t\t<div class=\"elementor-widget-container\">\n\t\t\t\t\t\t\t\t\t\t\t\t\t<img loading=\"lazy\" decoding=\"async\" width=\"800\" height=\"450\" src=\"https:\/\/epiccreativecoop.com\/wp-content\/uploads\/2024\/07\/2022-03-19-epic-Creative-Co-Op-PC-Shoot-062-1024x576.jpg\" class=\"attachment-large size-large wp-image-1606\" alt=\"\" \/>\t\t\t\t\t\t\t\t\t\t\t\t\t<\/div>\n\t\t\t\t<\/div>\n\t\t\t\t<\/div>\n\t\t<div class=\"elementor-element elementor-element-36a229b e-con-full e-flex e-con e-child\" data-id=\"36a229b\" data-element_type=\"container\">\n\t\t\t\t<div class=\"elementor-element elementor-element-dad187f elementor-widget elementor-widget-image\" data-id=\"dad187f\" data-element_type=\"widget\" data-widget_type=\"image.default\">\n\t\t\t\t<div class=\"elementor-widget-container\">\n\t\t\t\t\t\t\t\t\t\t\t\t\t<img loading=\"lazy\" decoding=\"async\" width=\"800\" height=\"688\" src=\"https:\/\/epiccreativecoop.com\/wp-content\/uploads\/2024\/07\/2022-03-19-epic-Creative-Co-Op-PC-Shoot-067_resize-1024x881.jpg\" class=\"attachment-large size-large wp-image-1610\" alt=\"\" \/>\t\t\t\t\t\t\t\t\t\t\t\t\t<\/div>\n\t\t\t\t<\/div>\n\t\t\t\t<\/div>\n\t\t\t\t<\/div>\n\t\t\t\t<\/div>\n\t\t\t\t<\/div>","protected":false},"excerpt":{"rendered":"<p>About Us Meet Vic Cherubini Owner &amp; Photographer In 1998, Vic Cherubini acquired four acres on Sawdust Road at the edge of The Woodlands to establish a new headquarters for Epic Software Group.\u00a0 His long-term vision was to create the Epic Co-Op, a collaborative hub for photographers, videographers, filmmakers, and artists. Epic Building Construction began [&hellip;]<\/p>","protected":false},"author":1,"featured_media":0,"parent":0,"menu_order":0,"comment_status":"closed","ping_status":"closed","template":"","meta":{"footnotes":""},"class_list":["post-1581","page","type-page","status-publish","hentry"],"rttpg_featured_image_url":null,"rttpg_author":{"display_name":"vic@woodlandsphotostudios.com","author_link":"https:\/\/epiccreativecoop.com\/es\/author\/vicwoodlandsphotostudios-com\/"},"rttpg_comment":0,"rttpg_category":null,"rttpg_excerpt":"About Us Meet Vic Cherubini Owner &amp; Photographer In 1998, Vic Cherubini acquired four acres on Sawdust Road at the edge of The Woodlands to establish a new headquarters for Epic Software Group.\u00a0 His long-term vision was to create the Epic Co-Op, a collaborative hub for photographers, videographers, filmmakers, and artists. Epic Building Construction began&hellip;","_links":{"self":[{"href":"https:\/\/epiccreativecoop.com\/es\/wp-json\/wp\/v2\/pages\/1581","targetHints":{"allow":["GET"]}}],"collection":[{"href":"https:\/\/epiccreativecoop.com\/es\/wp-json\/wp\/v2\/pages"}],"about":[{"href":"https:\/\/epiccreativecoop.com\/es\/wp-json\/wp\/v2\/types\/page"}],"author":[{"embeddable":true,"href":"https:\/\/epiccreativecoop.com\/es\/wp-json\/wp\/v2\/users\/1"}],"replies":[{"embeddable":true,"href":"https:\/\/epiccreativecoop.com\/es\/wp-json\/wp\/v2\/comments?post=1581"}],"version-history":[{"count":109,"href":"https:\/\/epiccreativecoop.com\/es\/wp-json\/wp\/v2\/pages\/1581\/revisions"}],"predecessor-version":[{"id":4894,"href":"https:\/\/epiccreativecoop.com\/es\/wp-json\/wp\/v2\/pages\/1581\/revisions\/4894"}],"wp:attachment":[{"href":"https:\/\/epiccreativecoop.com\/es\/wp-json\/wp\/v2\/media?parent=1581"}],"curies":[{"name":"wp","href":"https:\/\/api.w.org\/{rel}","templated":true}]}}